{"id":3122,"date":"2022-08-20T11:40:30","date_gmt":"2022-08-20T09:40:30","guid":{"rendered":"https:\/\/clinicasmi.com\/demanar-cita\/"},"modified":"2023-02-15T15:10:42","modified_gmt":"2023-02-15T14:10:42","slug":"demanar-citas","status":"publish","type":"page","link":"https:\/\/clinicasmi.com\/ca\/demanar-citas\/","title":{"rendered":"Demanar cita"},"content":{"rendered":"\n<p>Disposeu de dues maneres de demanar cita: segons la cl\u00ednica o per especialitat m\u00e8dica. A trav\u00e9s de l\u2019aplicaci\u00f3 Tuotempo, podeu programar una visita amb un dels nostres especialistes i consultar o modificar les visites que teniu pendents.<\/p>\n","protected":false},"excerpt":{"rendered":"<p>Disposeu de dues maneres de demanar cita: segons la cl\u00ednica o per especialitat m\u00e8dica. A trav\u00e9s de l\u2019aplicaci\u00f3 Tuotempo, podeu programar una visita amb un dels nostres especialistes i consultar o modificar les visites que teniu pendents.<\/p>\n","protected":false},"author":1,"featured_media":0,"parent":0,"menu_order":0,"comment_status":"closed","ping_status":"closed","template":"templates\/citas.php","meta":{"_acf_changed":false,"_uag_custom_page_level_css":"","footnotes":""},"class_list":["post-3122","page","type-page","status-publish","hentry"],"acf":[],"yoast_head":"<!-- This site is optimized with the Yoast SEO plugin v27.5 - https:\/\/yoast.com\/product\/yoast-seo-wordpress\/ -->\n<title>Demanar cita - Clinicas Mi<\/title>\n<meta name=\"robots\" content=\"index, follow, max-snippet:-1, max-image-preview:large, max-video-preview:-1\" \/>\n<link rel=\"canonical\" href=\"https:\/\/clinicasmi.com\/ca\/demanar-citas\/\" \/>\n<meta property=\"og:locale\" content=\"ca_ES\" \/>\n<meta property=\"og:type\" content=\"article\" \/>\n<meta property=\"og:title\" content=\"Demanar cita - Clinicas Mi\" \/>\n<meta property=\"og:description\" content=\"Disposeu de dues maneres de demanar cita: segons la cl\u00ednica o per especialitat m\u00e8dica. A trav\u00e9s de l\u2019aplicaci\u00f3 Tuotempo, podeu programar una visita amb un dels nostres especialistes i consultar o modificar les visites que teniu pendents.\" \/>\n<meta property=\"og:url\" content=\"https:\/\/clinicasmi.com\/ca\/demanar-citas\/\" \/>\n<meta property=\"og:site_name\" content=\"Clinicas Mi\" \/>\n<meta property=\"article:publisher\" content=\"https:\/\/www.facebook.com\/miclinicas\" \/>\n<meta property=\"article:modified_time\" content=\"2023-02-15T14:10:42+00:00\" \/>\n<meta name=\"twitter:card\" content=\"summary_large_image\" \/>\n<meta name=\"twitter:site\" content=\"@miclinicas\" \/>\n<script type=\"application\/ld+json\" class=\"yoast-schema-graph\">{\"@context\":\"https:\\\/\\\/schema.org\",\"@graph\":[{\"@type\":\"WebPage\",\"@id\":\"https:\\\/\\\/clinicasmi.com\\\/ca\\\/demanar-citas\\\/\",\"url\":\"https:\\\/\\\/clinicasmi.com\\\/ca\\\/demanar-citas\\\/\",\"name\":\"Demanar cita - Clinicas Mi\",\"isPartOf\":{\"@id\":\"https:\\\/\\\/clinicasmi.com\\\/#website\"},\"datePublished\":\"2022-08-20T09:40:30+00:00\",\"dateModified\":\"2023-02-15T14:10:42+00:00\",\"breadcrumb\":{\"@id\":\"https:\\\/\\\/clinicasmi.com\\\/ca\\\/demanar-citas\\\/#breadcrumb\"},\"inLanguage\":\"ca\",\"potentialAction\":[{\"@type\":\"ReadAction\",\"target\":[\"https:\\\/\\\/clinicasmi.com\\\/ca\\\/demanar-citas\\\/\"]}]},{\"@type\":\"BreadcrumbList\",\"@id\":\"https:\\\/\\\/clinicasmi.com\\\/ca\\\/demanar-citas\\\/#breadcrumb\",\"itemListElement\":[{\"@type\":\"ListItem\",\"position\":1,\"name\":\"Portada\",\"item\":\"https:\\\/\\\/clinicasmi.com\\\/ca\\\/\"},{\"@type\":\"ListItem\",\"position\":2,\"name\":\"Demanar cita\"}]},{\"@type\":\"WebSite\",\"@id\":\"https:\\\/\\\/clinicasmi.com\\\/#website\",\"url\":\"https:\\\/\\\/clinicasmi.com\\\/\",\"name\":\"Clinicas Mi\",\"description\":\"Curar i cuidar\",\"publisher\":{\"@id\":\"https:\\\/\\\/clinicasmi.com\\\/#organization\"},\"potentialAction\":[{\"@type\":\"SearchAction\",\"target\":{\"@type\":\"EntryPoint\",\"urlTemplate\":\"https:\\\/\\\/clinicasmi.com\\\/?s={search_term_string}\"},\"query-input\":{\"@type\":\"PropertyValueSpecification\",\"valueRequired\":true,\"valueName\":\"search_term_string\"}}],\"inLanguage\":\"ca\"},{\"@type\":\"Organization\",\"@id\":\"https:\\\/\\\/clinicasmi.com\\\/#organization\",\"name\":\"Clinicas Mi\",\"url\":\"https:\\\/\\\/clinicasmi.com\\\/\",\"logo\":{\"@type\":\"ImageObject\",\"inLanguage\":\"ca\",\"@id\":\"https:\\\/\\\/clinicasmi.com\\\/#\\\/schema\\\/logo\\\/image\\\/\",\"url\":\"https:\\\/\\\/clinicasmi.com\\\/wp-content\\\/uploads\\\/2023\\\/02\\\/cliniquesMi-logo.svg\",\"contentUrl\":\"https:\\\/\\\/clinicasmi.com\\\/wp-content\\\/uploads\\\/2023\\\/02\\\/cliniquesMi-logo.svg\",\"width\":266,\"height\":57,\"caption\":\"Clinicas Mi\"},\"image\":{\"@id\":\"https:\\\/\\\/clinicasmi.com\\\/#\\\/schema\\\/logo\\\/image\\\/\"},\"sameAs\":[\"https:\\\/\\\/www.facebook.com\\\/miclinicas\",\"https:\\\/\\\/x.com\\\/miclinicas\",\"https:\\\/\\\/www.instagram.com\\\/miclinicas\\\/\"]}]}<\/script>\n<!-- \/ Yoast SEO plugin. -->","yoast_head_json":{"title":"Demanar cita - Clinicas Mi","robots":{"index":"index","follow":"follow","max-snippet":"max-snippet:-1","max-image-preview":"max-image-preview:large","max-video-preview":"max-video-preview:-1"},"canonical":"https:\/\/clinicasmi.com\/ca\/demanar-citas\/","og_locale":"ca_ES","og_type":"article","og_title":"Demanar cita - Clinicas Mi","og_description":"Disposeu de dues maneres de demanar cita: segons la cl\u00ednica o per especialitat m\u00e8dica. A trav\u00e9s de l\u2019aplicaci\u00f3 Tuotempo, podeu programar una visita amb un dels nostres especialistes i consultar o modificar les visites que teniu pendents.","og_url":"https:\/\/clinicasmi.com\/ca\/demanar-citas\/","og_site_name":"Clinicas Mi","article_publisher":"https:\/\/www.facebook.com\/miclinicas","article_modified_time":"2023-02-15T14:10:42+00:00","twitter_card":"summary_large_image","twitter_site":"@miclinicas","schema":{"@context":"https:\/\/schema.org","@graph":[{"@type":"WebPage","@id":"https:\/\/clinicasmi.com\/ca\/demanar-citas\/","url":"https:\/\/clinicasmi.com\/ca\/demanar-citas\/","name":"Demanar cita - Clinicas Mi","isPartOf":{"@id":"https:\/\/clinicasmi.com\/#website"},"datePublished":"2022-08-20T09:40:30+00:00","dateModified":"2023-02-15T14:10:42+00:00","breadcrumb":{"@id":"https:\/\/clinicasmi.com\/ca\/demanar-citas\/#breadcrumb"},"inLanguage":"ca","potentialAction":[{"@type":"ReadAction","target":["https:\/\/clinicasmi.com\/ca\/demanar-citas\/"]}]},{"@type":"BreadcrumbList","@id":"https:\/\/clinicasmi.com\/ca\/demanar-citas\/#breadcrumb","itemListElement":[{"@type":"ListItem","position":1,"name":"Portada","item":"https:\/\/clinicasmi.com\/ca\/"},{"@type":"ListItem","position":2,"name":"Demanar cita"}]},{"@type":"WebSite","@id":"https:\/\/clinicasmi.com\/#website","url":"https:\/\/clinicasmi.com\/","name":"Clinicas Mi","description":"Curar i cuidar","publisher":{"@id":"https:\/\/clinicasmi.com\/#organization"},"potentialAction":[{"@type":"SearchAction","target":{"@type":"EntryPoint","urlTemplate":"https:\/\/clinicasmi.com\/?s={search_term_string}"},"query-input":{"@type":"PropertyValueSpecification","valueRequired":true,"valueName":"search_term_string"}}],"inLanguage":"ca"},{"@type":"Organization","@id":"https:\/\/clinicasmi.com\/#organization","name":"Clinicas Mi","url":"https:\/\/clinicasmi.com\/","logo":{"@type":"ImageObject","inLanguage":"ca","@id":"https:\/\/clinicasmi.com\/#\/schema\/logo\/image\/","url":"https:\/\/clinicasmi.com\/wp-content\/uploads\/2023\/02\/cliniquesMi-logo.svg","contentUrl":"https:\/\/clinicasmi.com\/wp-content\/uploads\/2023\/02\/cliniquesMi-logo.svg","width":266,"height":57,"caption":"Clinicas Mi"},"image":{"@id":"https:\/\/clinicasmi.com\/#\/schema\/logo\/image\/"},"sameAs":["https:\/\/www.facebook.com\/miclinicas","https:\/\/x.com\/miclinicas","https:\/\/www.instagram.com\/miclinicas\/"]}]}},"uagb_featured_image_src":{"full":false,"thumbnail":false,"medium":false,"medium_large":false,"large":false,"1536x1536":false,"2048x2048":false},"uagb_author_info":{"display_name":"@clinicasmi","author_link":"https:\/\/clinicasmi.com\/ca\/author\/clinicasmi\/"},"uagb_comment_info":0,"uagb_excerpt":"Disposeu de dues maneres de demanar cita: segons la cl\u00ednica o per especialitat m\u00e8dica. A trav\u00e9s de l\u2019aplicaci\u00f3 Tuotempo, podeu programar una visita amb un dels nostres especialistes i consultar o modificar les visites que teniu pendents.","_links":{"self":[{"href":"https:\/\/clinicasmi.com\/ca\/wp-json\/wp\/v2\/pages\/3122","targetHints":{"allow":["GET"]}}],"collection":[{"href":"https:\/\/clinicasmi.com\/ca\/wp-json\/wp\/v2\/pages"}],"about":[{"href":"https:\/\/clinicasmi.com\/ca\/wp-json\/wp\/v2\/types\/page"}],"author":[{"embeddable":true,"href":"https:\/\/clinicasmi.com\/ca\/wp-json\/wp\/v2\/users\/1"}],"replies":[{"embeddable":true,"href":"https:\/\/clinicasmi.com\/ca\/wp-json\/wp\/v2\/comments?post=3122"}],"version-history":[{"count":3,"href":"https:\/\/clinicasmi.com\/ca\/wp-json\/wp\/v2\/pages\/3122\/revisions"}],"predecessor-version":[{"id":4135,"href":"https:\/\/clinicasmi.com\/ca\/wp-json\/wp\/v2\/pages\/3122\/revisions\/4135"}],"wp:attachment":[{"href":"https:\/\/clinicasmi.com\/ca\/wp-json\/wp\/v2\/media?parent=3122"}],"curies":[{"name":"wp","href":"https:\/\/api.w.org\/{rel}","templated":true}]}}